{"id":2,"date":"2011-09-10T19:06:33","date_gmt":"2011-09-10T19:06:33","guid":{"rendered":"http:\/\/lacanquotidien.fr\/WordPress3\/\/?page_id=2"},"modified":"2016-04-24T20:00:23","modified_gmt":"2016-04-24T18:00:24","slug":"about","status":"publish","type":"page","link":"https:\/\/lacanquotidien.fr\/blog\/about\/","title":{"rendered":"A propos"},"content":{"rendered":"<h2 align=\"center\"><span style=\"color: #ff0000;\"><strong>LACAN QUOTIDIEN<\/strong><\/span><\/h2>\n<p align=\"center\"><span style=\"color: #0000ff;\">Informe et refl\u00e8te\u00a0<em><em>7 jours sur 7\u00a0<\/em><\/em>l&rsquo;opinion \u00e9clair\u00e9e<\/span><\/p>\n<p align=\"center\"><strong>Comit\u00e9 de direction<\/strong><\/p>\n<p align=\"center\">Coordination et diffusion : Pierre-Gilles Gu\u00e9guen<\/p>\n<p align=\"center\">Conseiller : Jacques-Alain Miller<\/p>\n<h3 align=\"center\"><span style=\"color: #ff0000;\"><strong>publi\u00e9 en ligne par Navarin \u00e9diteur<\/strong><\/span><\/h3>\n<p align=\"center\">Pr\u00e9sidente\u00a0: Eve Miller-Rose<\/p>\n<p align=\"center\"><strong>\u00a0<\/strong><\/p>\n<p align=\"center\"><strong>Comit\u00e9 de lecture<\/strong><\/p>\n<p align=\"center\">Pierre-Gilles Gu\u00e9guen, Jacques-Alain Miller, Eve Miller-Rose, Catherine Lazarus-Matet, Eric Zuliani<\/p>\n<p align=\"center\"><strong>Editeurs\u00a0<\/strong><\/p>\n<p align=\"center\">C\u00e9cile Favreau, Luc Garcia<\/p>\n<p align=\"center\"><span style=\"text-decoration: underline;\">Pour l&rsquo;Institut Psychanalytique de l&rsquo;Enfant<\/span> :<\/p>\n<p align=\"center\">Daniel Roy et Judith Miller<\/p>\n<p align=\"center\"><span style=\"text-decoration: underline;\">Chroniqueurs<\/span> :<\/p>\n<div align=\"center\">\n<table border=\"0\" width=\"497\" cellspacing=\"0\" cellpadding=\"0\">\n<tbody>\n<tr>\n<td valign=\"top\" width=\"176\">Agn\u00e8s Aflalo<\/td>\n<td valign=\"top\" width=\"160\">Fabian Fajnwaks<\/td>\n<td valign=\"top\" width=\"160\">Laure Naveau<\/td>\n<\/tr>\n<tr>\n<td valign=\"top\" width=\"176\">Ana\u00eblle L. Quenehen<\/td>\n<td valign=\"top\" width=\"160\">Fran\u00e7ois Ansermet<\/td>\n<td valign=\"top\" width=\"160\">Lilia Mahjoub<\/td>\n<\/tr>\n<tr>\n<td valign=\"top\" width=\"176\">Aur\u00e9lie Pfwauvadel<\/td>\n<td valign=\"top\" width=\"160\">Fouzia Liget<\/td>\n<td valign=\"top\" width=\"160\">Luc Miller<\/td>\n<\/tr>\n<tr>\n<td valign=\"top\" width=\"176\">Carole Dewambrechies<\/td>\n<td valign=\"top\" width=\"160\">Fran\u00e7ois Leguil<\/td>\n<td valign=\"top\" width=\"160\">Marie-H\u00e9l\u00e8ne Brousse<\/td>\n<\/tr>\n<tr>\n<td valign=\"top\" width=\"176\">Catherine Lazarus-Matet<\/td>\n<td valign=\"top\" width=\"160\">Fran\u00e7ois Regnault<\/td>\n<td valign=\"top\" width=\"160\">Nathalie George L.<\/td>\n<\/tr>\n<tr>\n<td valign=\"top\" width=\"176\">C\u00e9line Mevellec<\/td>\n<td valign=\"top\" width=\"160\">G\u00e9rard Miller<\/td>\n<td valign=\"top\" width=\"160\">Pascale Fari<\/td>\n<\/tr>\n<tr>\n<td valign=\"top\" width=\"176\">Christiane Alberti<\/td>\n<td valign=\"top\" width=\"160\">Gil Caroz<\/td>\n<td valign=\"top\" width=\"160\">Patricia Bosquin<\/td>\n<\/tr>\n<tr>\n<td valign=\"top\" width=\"176\">Clotilde Leguil<\/td>\n<td valign=\"top\" width=\"160\">Guy Briole<\/td>\n<td valign=\"top\" width=\"160\">Philippe Hellebois<\/td>\n<\/tr>\n<tr>\n<td valign=\"top\" width=\"176\">Deborah Gutermann<\/td>\n<td valign=\"top\" width=\"160\">Jean-Pierre Deffieux<\/td>\n<td valign=\"top\" width=\"160\">Philippe La Sagna<\/td>\n<\/tr>\n<tr>\n<td valign=\"top\" width=\"176\">Dominique Miller<\/td>\n<td valign=\"top\" width=\"160\">Jean-Pierre Klotz<\/td>\n<td valign=\"top\" width=\"160\">R\u00e9ginald Blanchet<\/td>\n<\/tr>\n<tr>\n<td valign=\"top\" width=\"176\">Eric Laurent<strong>\u00a0<\/strong><\/td>\n<td valign=\"top\" width=\"160\">Juan-Pablo Lucchelli<strong>\u00a0<\/strong><\/td>\n<td valign=\"top\" width=\"160\">Yves-Claude Stavy<\/td>\n<\/tr>\n<\/tbody>\n<\/table>\n<p>&nbsp;<\/p>\n<p><strong>(C) NAVARIN EDITEUR &#8211; 1 rue Huysmans, 75006 Paris &#8211; France<br \/>\n<\/strong><\/p>\n<p><strong>H\u00e9bergement OVH, 2 rue Kellermann &#8211; 59100 Roubaix &#8211; France.<\/strong><\/p>\n<\/div>\n<p style=\"text-align: center;\"><span style=\"color: #ff0000;\"><em>Traductions<\/em><\/span><\/p>\n<p>Les articles en italien, portugais, espagnol, anglais, allemand, grec, etc. en version originale ou bilingue sont diffus\u00e9s dans la rubrique BABEL&amp;Co<\/p>\n<p><span style=\"color: #0000ff;\"><em>LACAN QUOTIDIEN \u00a0italien\/fran\u00e7ais<\/em><\/span><\/p>\n<p>Coordination des traductions d&rsquo;italien en fran\u00e7ais : Antonio Di Ciaccia<\/p>\n<p>Assist\u00e9 de : C\u00e9line Menghi<\/p>\n<p><span style=\"color: #0000ff;\"><em>\u00a0LACAN COTIDIANO<\/em> em Portugu\u00e9s<\/span><\/p>\n<p>Coordination de la traduction en portugais au Br\u00e9sil :\u00a0Maria \u00a0do Carmo Dias Batista et Maria Cristina Maia<\/p>\n<p>T\u00e2nia Abreu; Daniela Affonso; Elisa Alvarenga; Raquel Amim; Marcus Andr\u00e9; Maria Noemi de Araujo; Samyra Assad; Carla Audil; Celso e Denise; \u00c2ngela Bernardes;\u00a0 Nohem\u00ed Brown; Luiz Francisco Camargo; Daniela de Camargo; Maria do Carmo; Claudia Vianna do Carmo Murta; Helenice de Castro; Fernando Coutinho; Ruth Dantas; Daric\u00e9lia; Cristina Duba; Margareth Ferraz; F\u00e1tima Fonseca Ramos; Zelma Galesi; Marie-Christine Giusti; Sandra Grostein; Cl\u00e1udia Henschel de Lima; M\u00e1rcia de Lima Mello; Patrick; Magalh\u00e3es; Cristina Maia; Maria \u00c2ngela Maia, Ruskaya Maia; Elza Marques Lisboa de Freitas; Veridiana Maruccio; Leander Mattioli Pasqual; Ana Paula Melo; Luiz Mena; Elisa Monteiro; Patrick Monteiro de Almeida; Manoel Motta; \u00c2ngela Negreiros; Maria Novaes; Laureci Nunes; Fernanda Otoni; Marise Pinto; Bernadette Pitteri; Camila Popadiuk ; Claudete Prado; Teresinha Prado; Eveline Rego; Nayhara Reis; C\u00e1ssia Maria Rumenos Guardado; Ana Paula Sartori; Bete Siqueira; Luciana C. de Souza; Ant\u00f4nio Teixeira; Alessandra Thomaz Rocha; Marcelo Veras; Ana Martha Wilson Maia<\/p>\n<p><span style=\"color: #0000ff;\"><em>LACAN QUOTIDIEN in English<\/em><em> \u2028\u00a0<\/em><\/span>A selection of texts from Lacan Quotidien, the daily online Lacan news bulletin<\/p>\n<p>Coordination des traductions en anglais : Natalie Wulfing<\/p>\n<p>Frances Coates-Ruet; Francine Danniau; Philip Dravers; Bogdan Wolf; Anna Pigkou; Florencia Fernandez Coria Shanahan; Yannis Grammatopoulos; H\u00e9l\u00e8ne Molari; Dimitris Alexakis; Yannis Dimitrakos; Stella Noutsou; Thomas Svolos; Reine-Marie Bergeron; Noa Farchi; Betty Bertrand-Godfrey; Victoria Woollard<\/p>\n<p>&nbsp;<\/p>\n<p>&nbsp;<\/p>\n","protected":false},"excerpt":{"rendered":"<p>LACAN QUOTIDIEN <\/p>\n<p align=\"center\">Informe et refl\u00e8te\u00a07 jours sur 7\u00a0l&rsquo;opinion \u00e9clair\u00e9e<\/p>\n<p align=\"center\">Comit\u00e9 de direction<\/p>\n<p align=\"center\">Coordination et diffusion : Pierre-Gilles Gu\u00e9guen<\/p>\n<p align=\"center\">Conseiller : Jacques-Alain Miller<\/p>\n<p> publi\u00e9 en ligne par Navarin \u00e9diteur <\/p>\n<p align=\"center\">Pr\u00e9sidente\u00a0: Eve Miller-Rose<\/p>\n<p align=\"center\">\u00a0<\/p>\n<p align=\"center\">Comit\u00e9 de lecture<\/p>\n<p align=\"center\">Pierre-Gilles Gu\u00e9guen, Jacques-Alain Miller, Eve Miller-Rose, Catherine Lazarus-Matet, Eric Zuliani<\/p>\n<p align=\"center\">Editeurs\u00a0<\/p>\n<p> [&#8230;]<\/p>\n","protected":false},"author":1,"featured_media":0,"parent":0,"menu_order":0,"comment_status":"closed","ping_status":"closed","template":"","meta":{"_monsterinsights_skip_tracking":false,"_monsterinsights_sitenote_active":false,"_monsterinsights_sitenote_note":"","_monsterinsights_sitenote_category":0,"footnotes":""},"class_list":["post-2","page","type-page","status-publish","hentry"],"_links":{"self":[{"href":"https:\/\/lacanquotidien.fr\/blog\/wp-json\/wp\/v2\/pages\/2","targetHints":{"allow":["GET"]}}],"collection":[{"href":"https:\/\/lacanquotidien.fr\/blog\/wp-json\/wp\/v2\/pages"}],"about":[{"href":"https:\/\/lacanquotidien.fr\/blog\/wp-json\/wp\/v2\/types\/page"}],"author":[{"embeddable":true,"href":"https:\/\/lacanquotidien.fr\/blog\/wp-json\/wp\/v2\/users\/1"}],"replies":[{"embeddable":true,"href":"https:\/\/lacanquotidien.fr\/blog\/wp-json\/wp\/v2\/comments?post=2"}],"version-history":[{"count":43,"href":"https:\/\/lacanquotidien.fr\/blog\/wp-json\/wp\/v2\/pages\/2\/revisions"}],"predecessor-version":[{"id":16172,"href":"https:\/\/lacanquotidien.fr\/blog\/wp-json\/wp\/v2\/pages\/2\/revisions\/16172"}],"wp:attachment":[{"href":"https:\/\/lacanquotidien.fr\/blog\/wp-json\/wp\/v2\/media?parent=2"}],"curies":[{"name":"wp","href":"https:\/\/api.w.org\/{rel}","templated":true}]}}