{"id":8763,"date":"2012-02-16T21:22:57","date_gmt":"2012-02-16T20:22:57","guid":{"rendered":"http:\/\/www.lacanquotidien.fr\/blog\/?page_id=8763"},"modified":"2012-02-19T07:27:09","modified_gmt":"2012-02-19T06:27:09","slug":"textepetition","status":"publish","type":"page","link":"https:\/\/lacanquotidien.fr\/blog\/textepetition\/","title":{"rendered":"Texte de la p\u00e9tition internationale pour l\u2019abord clinique de l\u2019autisme"},"content":{"rendered":"<h2 align=\"center\"><span style=\"color: #ff0000;\"><strong>\u00a0P\u00c9TITION INTERNATIONALE<\/strong><\/span><\/h2>\n<h2 align=\"center\"><span style=\"color: #ff0000;\"><strong>POUR L\u2019ABORD CLINIQUE DE L\u2019AUTISME<\/strong><\/span><\/h2>\n<p align=\"center\"><span style=\"color: #0000ff;\"><strong><em>\u00e0 l\u2019initiative de l\u2019Institut psychanalytique de l\u2019Enfant<\/em><\/strong><\/span><\/p>\n<p align=\"center\"><span style=\"color: #0000ff;\"><strong><em>(Universit\u00e9 populaire Jacques-Lacan)<\/em><\/strong><\/span><\/p>\n<p><strong>\u00a0<\/strong><\/p>\n<p><strong>Les associations<\/strong>,<\/p>\n<p><strong>les professionnels<\/strong> impliqu\u00e9s dans l\u2019accueil, le soin et l\u2019accompagnement des sujets autistes,<\/p>\n<p><strong>les parents<\/strong> dont les enfants sont accueillis en structure m\u00e9dicale ou m\u00e9dico-sociale,<\/p>\n<p><strong>les citoyens<\/strong> concern\u00e9s, fran\u00e7ais ou non, tous signataires de cette p\u00e9tition<\/p>\n<p>&nbsp;<\/p>\n<p>&#8211;\u00a0\u00a0\u00a0\u00a0\u00a0\u00a0 demandent \u00e0 ce que la psychanalyse, ses recherches et ses praticiens, cessent d\u2019\u00eatre diffam\u00e9s par des all\u00e9gations visant \u00e0 les d\u00e9consid\u00e9rer\u00a0;<\/p>\n<p>&nbsp;<\/p>\n<p>&#8211;\u00a0\u00a0\u00a0\u00a0\u00a0\u00a0 souhaitent que les pouvoirs publics prennent en compte le souci l\u00e9gitime des familles, sans n\u00e9gliger pour autant le travail que, depuis des d\u00e9cennies, les \u00e9quipes de professionnels accomplissent aupr\u00e8s des enfants et des adultes autistes dans le cadre des secteurs de psychiatrie, des consultations priv\u00e9es, des institutions m\u00e9dico-sociales. Ce travail b\u00e9n\u00e9ficie, dans de tr\u00e8s nombreux cas, de la formation psychanalytique des intervenants\u00a0;<\/p>\n<p>&nbsp;<\/p>\n<p>&#8211;\u00a0\u00a0\u00a0\u00a0\u00a0\u00a0 souhaitent que l\u2019inqui\u00e9tude des familles ne soit pas exploit\u00e9e pour d\u00e9signer des boucs-\u00e9missaires, ni d\u00e9nigrer des professionnels engag\u00e9s\u00a0\u00e0 promouvoir les institutions et les pratiques qui garantissent que l\u2019enfant et sa famille seront respect\u00e9s dans le moment subjectif qui est le leur ;<\/p>\n<p>&nbsp;<\/p>\n<p>&#8211;\u00a0\u00a0\u00a0\u00a0\u00a0\u00a0 consid\u00e8rent qu\u2019en France, la repr\u00e9sentation nationale saura, dans sa sagesse, \u00e9viter de se prononcer sur un probl\u00e8me de sant\u00e9 publique qui, loin d\u2019\u00eatre n\u00e9glig\u00e9, est depuis longtemps pris en consid\u00e9ration\u00a0;<\/p>\n<p>&nbsp;<\/p>\n<p>&#8211;\u00a0\u00a0\u00a0\u00a0\u00a0\u00a0 appellent de leurs voeux la mise en place d\u2019un plan capable d\u2019assurer les moyens humains et structuraux n\u00e9cessaires \u00e0 la poursuite des soins et de l\u2019accompagnement \u00e9ducatif qu\u2019appelle la situation singuli\u00e8re de chaque enfant et adulte souffrant d\u2019autisme.<\/p>\n<p>&nbsp;<\/p>\n<p align=\"center\"><span style=\"color: #0000ff;\"><strong>LES 21 PREMIERS SIGNATAIRES<\/strong><\/span><\/p>\n<p><strong>\u00a0<\/strong><\/p>\n<p>1 &#8211; Pr Fran\u00e7ois Ansermet, Professeur de psychiatrie de l&rsquo;enfant et de l&rsquo;adolescent \u00e0 la Facult\u00e9 de m\u00e9decine de l&rsquo;Universit\u00e9 de Gen\u00e8ve, Chef du Service de Psychiatrie de l&rsquo;enfant et de l&rsquo;adolescent aux H\u00f4pitaux Universitaires de Gen\u00e8ve, Directeur du D\u00e9partement universitaire de psychiatrie\u00a0;<\/p>\n<p>&nbsp;<\/p>\n<p>2 &#8211; Pr Guy Briole, ancien chef du Service de Psychiatrie de l&rsquo;H\u00f4pital du Val-de-Gr\u00e2ce, Pr\u00e9sident de l&rsquo;Association des Agr\u00e9g\u00e9s de l&rsquo;\u00c9cole\u00a0du Val-de-Gr\u00e2ce\u00a0;<\/p>\n<p>&nbsp;<\/p>\n<p>3 &#8211; Pr Jean-Claude Maleval, Professeur de psychologie clinique \u00e0 l&rsquo;Universit\u00e9 Rennes 2\u00a0;<\/p>\n<p>&nbsp;<\/p>\n<p>4 &#8211; Pr Laurent Ottavi, Professeur de psychopathologie clinique, Directeur du Laboratoire universitaire Multi-site de recherches \u00ab\u00a0Psychopathologie, nouveaux sympt\u00f4mes et lien social\u00a0\u00bb, EA 40504\u00a0;<\/p>\n<p>&nbsp;<\/p>\n<p>5 &#8211; Dr Yves-Claude Stavy, Chef de service, Chef de p\u00f4le de psychiatrie infanto juv\u00e9nile \u00e0 l&rsquo;EPS de Ville-Evrard\u00a0;<\/p>\n<p>&nbsp;<\/p>\n<p>6- Dr Jean-Daniel Matet, psychiatre, praticien hospitalier honoraire, Pr\u00e9sident de l\u2019Ecole de la Cause freudienne\u00a0;<\/p>\n<p>&nbsp;<\/p>\n<p>7 \u2013 M. Leonardo GOROSTIZA, Pr\u00e9sident de l\u2019AMP (Association mondiale de psychanalyse);<\/p>\n<p>&nbsp;<\/p>\n<p>8 \u2013 M. \u00c9ric Laurent, ancien Pr\u00e9sident de l\u2019AMP\u00a0;<\/p>\n<p>&nbsp;<\/p>\n<p>9 &#8211; Dr Alexandre Stevens, psychiatre, Directeur th\u00e9rapeutique du Courtil, Tournai\u00a0 (Belgique), enseignant \u00e0 la Formation continue de l\u2019Universit\u00e9 Libre de Bruxelles\u00a0;<\/p>\n<p>&nbsp;<\/p>\n<p>10 &#8211; Dr. Fabien GRASSER, psychiatre des H\u00f4pitaux, praticien responsable de l\u2019Unit\u00e9 clinique Jacques-Lacan, Secteur de psychiatrie 91 G 11\u00a0;<\/p>\n<p>&nbsp;<\/p>\n<p>11 &#8211; Dr. Armand ZALOSZYC, psychiatre, ancien interne des H\u00f4pitaux Psychiatriques d\u2019Alsace, praticien attach\u00e9 des H\u00f4pitaux Universitaires de Strasbourg, m\u00e9decin coordinateur de synth\u00e8se au Centre m\u00e9dico-psycho-p\u00e9dagogique de Strasbourg\u00a0;<\/p>\n<p>&nbsp;<\/p>\n<p>12 \u2013 Dr. Agn\u00e8s AFLALO, psychiatre, m\u00e9decin-chef du CMP Croix-Rouge fran\u00e7aise de Bagnolet, ancien interne des h\u00f4pitaux psychiatriques (AIHPRP), ancien praticien hospitalier.<\/p>\n<p>&nbsp;<\/p>\n<p>13 &#8211; Dr Fran\u00e7ois LEGUIL, psychiatre, ancien praticien hospitalier \u00e0 l\u2019H\u00f4pital Sainte-Anne (Paris), ancien attach\u00e9 des H\u00f4pitaux de Paris, membre titulaire<em> <\/em>de<em> l\u2019Evolution Psychiatrique\u00a0<\/em>;<\/p>\n<p>&nbsp;<\/p>\n<p>14 &#8211; Dr. Luis SOLANO, ancien praticien attach\u00e9 \u00e0 Sainte-Anne, M\u00e9decin Coordonateur du Pole des ITEP \u00a0(94000 et 77000) \u00a0de l&rsquo;UGECAMIF\u00a0;<\/p>\n<p>&nbsp;<\/p>\n<p>15 &#8211; Dr Jean-Robert Rabanel, psychiatre, responsable th\u00e9rapeutique du CTR Nonette\u00a0;<\/p>\n<p>&nbsp;<\/p>\n<p>16 &#8211; Mme Cynthia Fleury, \u00e9crivain et philosophe\u00a0;<\/p>\n<p>&nbsp;<\/p>\n<p>17 &#8211; Mme Blandine KRIEGEL, philosophe<\/p>\n<p>&nbsp;<\/p>\n<p>18 &#8211; M. Alexandre Adler, essayiste, \u00e9ditorialiste du <em>Figaro\u00a0<\/em>;<\/p>\n<p><em>\u00a0<\/em><\/p>\n<p>19 &#8211; Mme Fabienne Servan-Schreiber, productrice\u00a0;<\/p>\n<p>&nbsp;<\/p>\n<p>20 &#8211; Mme Judith Miller, Pr\u00e9sidente de l\u2019Association de la Fondation du Champ freudien\u00a0;<\/p>\n<p>&nbsp;<\/p>\n<p>21 &#8211; Dr Daniel Roy, psychiatre, praticien attach\u00e9 au CH de Cadillac &#8211; CMP de Bordeaux.<\/p>\n<p align=\"center\"><strong>\u00a0<\/strong><\/p>\n<p align=\"center\"><span style=\"color: #0000ff;\"><strong>Les 3 premi\u00e8res institutions signataires<\/strong><\/span><\/p>\n<p><strong>\u00a0<\/strong><\/p>\n<p><strong>1 &#8211; Institut psychanalytique de l\u2019Enfant <\/strong><\/p>\n<p><strong>2 &#8211; \u00c9cole de la Cause freudienne <\/strong><\/p>\n<p><strong>3 &#8211; Association des Psychologues Freudiens <\/strong><\/p>\n<p style=\"text-align: center;\"><strong>&#8212;&#8212;&#8212;&#8212;&#8212;&#8212;&#8211;<\/strong><\/p>\n<h3 align=\"center\"><span style=\"color: #0000ff;\"><strong>\u00a0Signez la p\u00e9tition internationale pour l\u2019abord clinique de l\u2019autisme :<\/strong><\/span><\/h3>\n<p align=\"center\"><strong>[pdb_signup]<\/strong><\/p>\n<p><strong><br \/>\n<\/strong><\/p>\n<p>&nbsp;<\/p>\n","protected":false},"excerpt":{"rendered":"<p>\u00a0P\u00c9TITION INTERNATIONALE POUR L\u2019ABORD CLINIQUE DE L\u2019AUTISME <\/p>\n<p align=\"center\">\u00e0 l\u2019initiative de l\u2019Institut psychanalytique de l\u2019Enfant<\/p>\n<p align=\"center\">(Universit\u00e9 populaire Jacques-Lacan)<\/p>\n<p>\u00a0<\/p>\n<p>Les associations,<\/p>\n<p>les professionnels impliqu\u00e9s dans l\u2019accueil, le soin et l\u2019accompagnement des sujets autistes,<\/p>\n<p>les parents dont les enfants sont accueillis en structure m\u00e9dicale ou m\u00e9dico-sociale,<\/p>\n<p>les citoyens concern\u00e9s, fran\u00e7ais ou non, tous signataires de [&#8230;]<\/p>\n","protected":false},"author":1,"featured_media":0,"parent":0,"menu_order":0,"comment_status":"closed","ping_status":"closed","template":"","meta":{"_monsterinsights_skip_tracking":false,"_monsterinsights_sitenote_active":false,"_monsterinsights_sitenote_note":"","_monsterinsights_sitenote_category":0,"footnotes":""},"class_list":["post-8763","page","type-page","status-publish","hentry"],"_links":{"self":[{"href":"https:\/\/lacanquotidien.fr\/blog\/wp-json\/wp\/v2\/pages\/8763","targetHints":{"allow":["GET"]}}],"collection":[{"href":"https:\/\/lacanquotidien.fr\/blog\/wp-json\/wp\/v2\/pages"}],"about":[{"href":"https:\/\/lacanquotidien.fr\/blog\/wp-json\/wp\/v2\/types\/page"}],"author":[{"embeddable":true,"href":"https:\/\/lacanquotidien.fr\/blog\/wp-json\/wp\/v2\/users\/1"}],"replies":[{"embeddable":true,"href":"https:\/\/lacanquotidien.fr\/blog\/wp-json\/wp\/v2\/comments?post=8763"}],"version-history":[{"count":5,"href":"https:\/\/lacanquotidien.fr\/blog\/wp-json\/wp\/v2\/pages\/8763\/revisions"}],"predecessor-version":[{"id":8840,"href":"https:\/\/lacanquotidien.fr\/blog\/wp-json\/wp\/v2\/pages\/8763\/revisions\/8840"}],"wp:attachment":[{"href":"https:\/\/lacanquotidien.fr\/blog\/wp-json\/wp\/v2\/media?parent=8763"}],"curies":[{"name":"wp","href":"https:\/\/api.w.org\/{rel}","templated":true}]}}